{"id":5563,"date":"2025-10-04T10:19:15","date_gmt":"2025-10-04T13:19:15","guid":{"rendered":"https:\/\/svr.sbc.org.br\/2025\/?page_id=5563"},"modified":"2025-10-06T09:18:20","modified_gmt":"2025-10-06T12:18:20","slug":"awards","status":"publish","type":"page","link":"https:\/\/svr.sbc.org.br\/2025\/index.php\/awards\/","title":{"rendered":"Awards"},"content":{"rendered":"\t\t<div data-elementor-type=\"wp-page\" data-elementor-id=\"5563\" class=\"elementor elementor-5563\">\n\t\t\t\t<div class=\"elementor-element elementor-element-eb77217 e-flex e-con-boxed e-con e-child\" data-id=\"eb77217\" data-element_type=\"container\" data-e-type=\"container\" data-settings=\"{&quot;background_background&quot;:&quot;classic&quot;}\">\n\t\t\t\t\t<div class=\"e-con-inner\">\n\t\t\t\t<div class=\"elementor-element elementor-element-18f474b elementor-widget elementor-widget-heading\" data-id=\"18f474b\" data-element_type=\"widget\" data-e-type=\"widget\" data-widget_type=\"heading.default\">\n\t\t\t\t<div class=\"elementor-widget-container\">\n\t\t\t\t\t<h2 class=\"elementor-heading-title elementor-size-default\">awards<\/h2>\t\t\t\t<\/div>\n\t\t\t\t<\/div>\n\t\t\t\t<div class=\"elementor-element elementor-element-5265124 elementor-widget elementor-widget-text-editor\" data-id=\"5265124\" data-element_type=\"widget\" data-e-type=\"widget\" data-widget_type=\"text-editor.default\">\n\t\t\t\t<div class=\"elementor-widget-container\">\n\t\t\t\t\t\t\t\t\t<p><strong>Main track &#8211; Best paper<\/strong><\/p><p>AI-Driven Responsive GUI for XR: Context-Aware Visual Adaptation<br \/><em>Andr\u00e9 Corr\u00eaa Santos, Pedro Bittar Bar\u00e3o, Rafael Segundo n\u00edvel Melhado Araujo Lima and Luciano Pereira Soares<\/em><\/p><p><strong>Main track &#8211; Honorable mention<\/strong><\/p><p>Directional Light Vector Estimation From a Virtual AR Object and its 2D Shadow Mask<br \/><em>Aleksander Yacovenco, Luiz Maurilio Maciel, Marcelo Bernardes Vieira and Rodrigo Luis de Souza da Silva<\/em><\/p><p><strong>Workshop of Works in Progress &#8211; Best paper<\/strong><\/p><p>A Proposal for a Low-Cost Educational Digital Twin with Real-Time Web Interface<br \/><em>Maria Eduarda Fernandes Lagos,Daniel Fernandes Gon\u00e7alves de Oliveira and Rummenigge Rudson Dantas<\/em><\/p><p><strong>Workshop of Works in Progress &#8211; Honorable mention (2rd place)<\/strong><\/p><p>A Multisensory AI-based Framework for Accessible Navigation of Visually Impaired Users in Virtual Environments: preliminary results<br \/><em>Luiza M. F. Cintra, Elisa A. M. Oliveira, Gustavo H. W. Barbosa, Matheus D. Negr\u00e3o, Valdemar V. G. Neto, Rafael T. Sousa, Sofia L. C. Paiva and Arlindo R. Galv\u00e3o Filho<\/em><\/p><p><strong>Workshop of Works in Progress &#8211; Honorable mention (3rd place)<\/strong><\/p><p>Designing and Evaluating a University Web-Based Metaverse: An A-Frame Implementation<br \/><em>Angelo Coronado, Guilherme C. Franco, Hugo Nascimento, Luciana Berretta, Arlindo R. Galv\u00e3o Filho and Sergio T. Carvalho<\/em><\/p><p><strong>Contest of Theses and Dissertations &#8211; Best thesis<\/strong><\/p><p>Perceived emotion recognition from nonverbal communication cues in images and videos<br \/><em>Willams de Lima Costa, Estefania T. Martinez, Lucas S. Figueiredo and Veronica Teichrieb<\/em><\/p><p><strong>Contest of Theses and Dissertations &#8211; Best dissertation<\/strong><\/p><p>TEKOH\u00c1: Um Ambiente Virtual para o Ensino da Hist\u00f3ria das Miss\u00f5es Jesu\u00edticas no Rio Grande do Sul<br \/><em>Martins Junior, Vinicius C. Souza and Kleinner S. F. Oliveira<\/em><\/p><p><strong>Worshop of Theses and Dissertations &#8211; Best dissertation<\/strong><\/p><p>Gamification and virtual reality in occupational safety teaching<br \/><em>Rayssa Val\u00e9ria da Silva, Francisco Paulo Magalh\u00e3es Sim\u00f5es and Bianca Maria Vasconcelos Val\u00e9rio<\/em><\/p><p><strong>Workshop of Undergraduate Works &#8211; Best Paper<\/strong><\/p><p>Enhancing Neonatal Care: A Virtual Reality Simulator for Peripherally Inserted Central Catheter (PICC) Insertion Training<br \/><em>Bianca Mirtes Ara\u00fajo Miranda, D\u00e9bora F. de Fran\u00e7a, J\u00falia Millene G. M. de Lacerda, Ricardo Ney O. Cobucci and Alyson Matheus de Carvalho Souza<\/em><\/p><p><strong>Workshop of XR Experiences &#8211; Best Work<\/strong><\/p><p>Uso de guias t\u00e1teis como proxies h\u00e1pticos em ambientes virtuais de simula\u00e7\u00e3o m\u00e9dica<br \/><em>Antonio Carlos Vieira Araujo, Deivison da Silva Costa and Liliane dos Santos Machado<\/em><\/p><p>\u00a0<\/p>\t\t\t\t\t\t\t\t<\/div>\n\t\t\t\t<\/div>\n\t\t<div class=\"elementor-element elementor-element-5644c32 e-con-full e-flex e-con e-child\" data-id=\"5644c32\" data-element_type=\"container\" data-e-type=\"container\">\n\t\t\t\t<\/div>\n\t\t\t\t\t<\/div>\n\t\t\t\t<\/div>\n\t\t\t\t<\/div>\n\t\t","protected":false},"excerpt":{"rendered":"<p>awards Main track &#8211; Best paper AI-Driven Responsive GUI for XR: Context-Aware Visual AdaptationAndr\u00e9 Corr\u00eaa Santos, Pedro Bittar Bar\u00e3o, Rafael [&hellip;]<\/p>\n","protected":false},"author":7,"featured_media":0,"parent":0,"menu_order":0,"comment_status":"closed","ping_status":"closed","template":"","meta":{"site-sidebar-layout":"no-sidebar","site-content-layout":"","ast-site-content-layout":"full-width-container","site-content-style":"default","site-sidebar-style":"default","ast-global-header-display":"","ast-banner-title-visibility":"","ast-main-header-display":"","ast-hfb-above-header-display":"","ast-hfb-below-header-display":"","ast-hfb-mobile-header-display":"","site-post-title":"disabled","ast-breadcrumbs-content":"","ast-featured-img":"disabled","footer-sml-layout":"","ast-disable-related-posts":"","theme-transparent-header-meta":"","adv-header-id-meta":"","stick-header-meta":"","header-above-stick-meta":"","header-main-stick-meta":"","header-below-stick-meta":"","astra-migrate-meta-layouts":"default","ast-page-background-enabled":"default","ast-page-background-meta":{"desktop":{"background-color":"var(--ast-global-color-4)","background-image":"","background-repeat":"repeat","background-position":"center center","background-size":"auto","background-attachment":"scroll","background-type":"","background-media":"","overlay-type":"","overlay-color":"","overlay-opacity":"","overlay-gradient":""},"tablet":{"background-color":"","background-image":"","background-repeat":"repeat","background-position":"center center","background-size":"auto","background-attachment":"scroll","background-type":"","background-media":"","overlay-type":"","overlay-color":"","overlay-opacity":"","overlay-gradient":""},"mobile":{"background-color":"","background-image":"","background-repeat":"repeat","background-position":"center center","background-size":"auto","background-attachment":"scroll","background-type":"","background-media":"","overlay-type":"","overlay-color":"","overlay-opacity":"","overlay-gradient":""}},"ast-content-background-meta":{"desktop":{"background-color":"var(--ast-global-color-5)","background-image":"","background-repeat":"repeat","background-position":"center center","background-size":"auto","background-attachment":"scroll","background-type":"","background-media":"","overlay-type":"","overlay-color":"","overlay-opacity":"","overlay-gradient":""},"tablet":{"background-color":"var(--ast-global-color-5)","background-image":"","background-repeat":"repeat","background-position":"center center","background-size":"auto","background-attachment":"scroll","background-type":"","background-media":"","overlay-type":"","overlay-color":"","overlay-opacity":"","overlay-gradient":""},"mobile":{"background-color":"var(--ast-global-color-5)","background-image":"","background-repeat":"repeat","background-position":"center center","background-size":"auto","background-attachment":"scroll","background-type":"","background-media":"","overlay-type":"","overlay-color":"","overlay-opacity":"","overlay-gradient":""}},"footnotes":""},"class_list":["post-5563","page","type-page","status-publish","hentry"],"_links":{"self":[{"href":"https:\/\/svr.sbc.org.br\/2025\/index.php\/wp-json\/wp\/v2\/pages\/5563","targetHints":{"allow":["GET"]}}],"collection":[{"href":"https:\/\/svr.sbc.org.br\/2025\/index.php\/wp-json\/wp\/v2\/pages"}],"about":[{"href":"https:\/\/svr.sbc.org.br\/2025\/index.php\/wp-json\/wp\/v2\/types\/page"}],"author":[{"embeddable":true,"href":"https:\/\/svr.sbc.org.br\/2025\/index.php\/wp-json\/wp\/v2\/users\/7"}],"replies":[{"embeddable":true,"href":"https:\/\/svr.sbc.org.br\/2025\/index.php\/wp-json\/wp\/v2\/comments?post=5563"}],"version-history":[{"count":9,"href":"https:\/\/svr.sbc.org.br\/2025\/index.php\/wp-json\/wp\/v2\/pages\/5563\/revisions"}],"predecessor-version":[{"id":5573,"href":"https:\/\/svr.sbc.org.br\/2025\/index.php\/wp-json\/wp\/v2\/pages\/5563\/revisions\/5573"}],"wp:attachment":[{"href":"https:\/\/svr.sbc.org.br\/2025\/index.php\/wp-json\/wp\/v2\/media?parent=5563"}],"curies":[{"name":"wp","href":"https:\/\/api.w.org\/{rel}","templated":true}]}}