{"id":5182,"date":"2025-06-30T20:18:05","date_gmt":"2025-06-30T23:18:05","guid":{"rendered":"https:\/\/svr.sbc.org.br\/2025\/?page_id=5182"},"modified":"2025-06-30T20:29:40","modified_gmt":"2025-06-30T23:29:40","slug":"faq","status":"publish","type":"page","link":"https:\/\/svr.sbc.org.br\/2025\/index.php\/faq\/","title":{"rendered":"FAQ"},"content":{"rendered":"\t\t<div data-elementor-type=\"wp-page\" data-elementor-id=\"5182\" class=\"elementor elementor-5182\">\n\t\t\t\t<div class=\"elementor-element elementor-element-eb77217 e-flex e-con-boxed e-con e-child\" data-id=\"eb77217\" data-element_type=\"container\" data-e-type=\"container\" data-settings=\"{&quot;background_background&quot;:&quot;classic&quot;}\">\n\t\t\t\t\t<div class=\"e-con-inner\">\n\t\t\t\t<div class=\"elementor-element elementor-element-49e1caf elementor-widget elementor-widget-heading\" data-id=\"49e1caf\" data-element_type=\"widget\" data-e-type=\"widget\" data-widget_type=\"heading.default\">\n\t\t\t\t<div class=\"elementor-widget-container\">\n\t\t\t\t\t<h2 class=\"elementor-heading-title elementor-size-default\">FAQ<\/h2>\t\t\t\t<\/div>\n\t\t\t\t<\/div>\n\t\t\t\t<div class=\"elementor-element elementor-element-0468bca elementor-widget elementor-widget-text-editor\" data-id=\"0468bca\" data-element_type=\"widget\" data-e-type=\"widget\" data-widget_type=\"text-editor.default\">\n\t\t\t\t<div class=\"elementor-widget-container\">\n\t\t\t\t\t\t\t\t\t<p><strong>As inscri\u00e7\u00f5es nos tr\u00eas eventos tem um valor \u00fanico.<\/strong><\/p><p><strong>Existe uma taxa individual por artigo.<\/strong><\/p><p><strong><span style=\"color: #e71d73;\">Anais<\/span> <\/strong>: Taxa de publica\u00e7\u00e3o naMain Track do SVR e SIBGRAPI ( IEEE,JBCS,C&amp;G,Geoscience etc )- Por artigo ( 10 m\u00e1ximo ) \u2013 <strong>Taxa R$ 350,00<\/strong><\/p><p><strong><span style=\"color: #e71d73;\">Anais<\/span><\/strong> : Taxa de publica\u00e7\u00e3onas demais tracks do SVR,SIBGRAPI( short papers etc) e todas as trilhas do SBGAMES \u2013 <strong>Por artigo ( 10 m\u00e1ximo )<\/strong><\/p><p><strong><span style=\"color: #e71d73;\">Importante<\/span> <\/strong>: Para publica\u00e7\u00f5es aceitas na trilha Computa\u00e7\u00e3o, pelo menos um autor deve estar inscrito como \u201cProfissional\u201d e ter pago a taxa de publica\u00e7\u00e3o do artigo.<\/p><p>Nas demais trilhas, \u00e9 necess\u00e1rio que apenas um autor deva estar inscrito, independente da sua categoria, e ter pago a taxa de publica\u00e7\u00e3o do artigo.<\/p><p>Professor ou qualquer outra categoria profissional ( j\u00e1 formado) paga profissional,a \u00fanica excess\u00e3o \u00e9 da educa\u00e7\u00e3o b\u00e1sica que tem uma inscri\u00e7\u00e3o diferenciada.<\/p>\t\t\t\t\t\t\t\t<\/div>\n\t\t\t\t<\/div>\n\t\t\t\t<div class=\"elementor-element elementor-element-0d7ad52 elementor-widget elementor-widget-heading\" data-id=\"0d7ad52\" data-element_type=\"widget\" data-e-type=\"widget\" data-widget_type=\"heading.default\">\n\t\t\t\t<div class=\"elementor-widget-container\">\n\t\t\t\t\t<h2 class=\"elementor-heading-title elementor-size-default\">SBGAMES 2025<\/h2>\t\t\t\t<\/div>\n\t\t\t\t<\/div>\n\t\t\t\t<div class=\"elementor-element elementor-element-45f8b0e elementor-widget elementor-widget-text-editor\" data-id=\"45f8b0e\" data-element_type=\"widget\" data-e-type=\"widget\" data-widget_type=\"text-editor.default\">\n\t\t\t\t<div class=\"elementor-widget-container\">\n\t\t\t\t\t\t\t\t\t<p><strong><span style=\"color: #e71d73;\">Inscri\u00e7\u00e3o obrigat\u00f3ria<\/span><\/strong> : Pelo menos um autor de cada artigo aceito deve estar inscrito no evento.<\/p><p><strong><span style=\"color: #e71d73;\">Categoria exigida<\/span><\/strong> :<\/p><ul><li>Para a trilha de Computa\u00e7\u00e3o : o autor inscrito deve ser da categoria Profissional.<\/li><li>Para as demais trilhas ( Arte &amp;Design,Educa\u00e7\u00e3o,Ind\u00fastria, etc ) : qualquer categoria \u00e9 aceita.<\/li><\/ul><p><strong><span style=\"color: #e71d73;\">Taxa de publica\u00e7\u00e3o<\/span><\/strong> : <strong>R$ 120,00 para todas as trilhas<\/strong><\/p><p><strong><span style=\"color: #e71d73;\">Valida\u00e7\u00e3o<\/span><\/strong> : \u00c9 necess\u00e1rio enviar comprovante da categoria escolhida pelo sistema JEMS; a valida\u00e7\u00e3o pode levar at\u00e9 2 dias \u00fateis.<\/p><p><strong><span style=\"color: #e71d73;\">Pagamento<\/span><\/strong> : Via boleto,cart\u00e3o de credito, cart\u00e3o d\u00e9bito em conta,nota de empenho ou faturamento (Sistema ECOS)<\/p>\t\t\t\t\t\t\t\t<\/div>\n\t\t\t\t<\/div>\n\t\t\t\t<div class=\"elementor-element elementor-element-2f49398 elementor-widget elementor-widget-heading\" data-id=\"2f49398\" data-element_type=\"widget\" data-e-type=\"widget\" data-widget_type=\"heading.default\">\n\t\t\t\t<div class=\"elementor-widget-container\">\n\t\t\t\t\t<h2 class=\"elementor-heading-title elementor-size-default\">SVR 2025<\/h2>\t\t\t\t<\/div>\n\t\t\t\t<\/div>\n\t\t\t\t<div class=\"elementor-element elementor-element-703c3b3 elementor-widget elementor-widget-text-editor\" data-id=\"703c3b3\" data-element_type=\"widget\" data-e-type=\"widget\" data-widget_type=\"text-editor.default\">\n\t\t\t\t<div class=\"elementor-widget-container\">\n\t\t\t\t\t\t\t\t\t<p><strong><span style=\"color: #e71d73;\">Inscri\u00e7\u00e3o obrigat\u00f3ria<\/span><\/strong> : Pelo menos um autor de cada artigo aceito deve estar inscrito no evento.<\/p><p><span style=\"color: #e71d73;\"><strong>Categoria exigida<\/strong><\/span> :<\/p><ul><li>Para trilhas principais ( Main Track, IEEE) : o autor deve estar inscrito como Profissional e pagar a taxa de publica\u00e7\u00e3o de <strong>R$ 350,00<\/strong><\/li><li>Para trilhas (Tutoriais ) : o autor deve estar inscrito como Profissional e pagar a taxa de publica\u00e7\u00e3o de <strong>R$ 350,00<\/strong><\/li><li>Para outras trihas ( Workshops) : basta um autor inscrito, sem exig\u00eancia de categoria e pagar a taxa de publica\u00e7\u00e3o de <strong>R$ 120,00<\/strong><\/li><\/ul><p><strong><span style=\"color: #e71d73;\">Pagamento<\/span><\/strong> : Via boleto,cart\u00e3o de credito, cart\u00e3o d\u00e9bito em conta,nota de empenho ou faturamento (Sistema ECOS)<\/p><p><strong><span style=\"color: #e71d73;\">Valida\u00e7\u00e3o<\/span><\/strong> : \u00c9 necess\u00e1rio enviar comprovante da categoria escolhida pelo sistema JEMS; a valida\u00e7\u00e3o pode levar at\u00e9 2 dias \u00fateis.<\/p>\t\t\t\t\t\t\t\t<\/div>\n\t\t\t\t<\/div>\n\t\t\t\t<div class=\"elementor-element elementor-element-6dd975c elementor-widget elementor-widget-heading\" data-id=\"6dd975c\" data-element_type=\"widget\" data-e-type=\"widget\" data-widget_type=\"heading.default\">\n\t\t\t\t<div class=\"elementor-widget-container\">\n\t\t\t\t\t<h2 class=\"elementor-heading-title elementor-size-default\">SIBGRAPI 2025<\/h2>\t\t\t\t<\/div>\n\t\t\t\t<\/div>\n\t\t\t\t<div class=\"elementor-element elementor-element-c3c1b5a elementor-widget elementor-widget-text-editor\" data-id=\"c3c1b5a\" data-element_type=\"widget\" data-e-type=\"widget\" data-widget_type=\"text-editor.default\">\n\t\t\t\t<div class=\"elementor-widget-container\">\n\t\t\t\t\t\t\t\t\t<p><span style=\"color: #e71d73;\"><strong>Inscri\u00e7\u00e3o obrigat\u00f3ria<\/strong><\/span> : Pelo menos um autor de cada artigo aceito deve estar inscrito no evento.<\/p><p><strong><span style=\"color: #e71d73;\">Categoria exigida<\/span><\/strong> :<\/p><ul><li>Para trilhas principais e tutoriais (IEEE,G&amp;C, Geoscience) o autor deve ser da categoria Profissional e pagar a taxa de publica\u00e7\u00e3o de <strong>R$ 350,00<\/strong><\/li><li>Para trilhas como Trabalhos de Gradua\u00e7\u00e3o,Teses e Disserta\u00e7\u00f5es,Aplica\u00e7\u00f5es Industriais: basta estar apenas um autor inscrito e pagar a taxa de publica\u00e7\u00e3o de <strong>R$ 120,00.<\/strong><\/li><\/ul><p><strong><span style=\"color: #e71d73;\">Valida\u00e7\u00e3o<\/span> <\/strong>: \u00c9 necess\u00e1rio enviar comprovante da categoria escolhida pelo sistema JEMS; a valida\u00e7\u00e3o pode levar at\u00e9 2 dias \u00fateis.<\/p><p><strong><span style=\"color: #e71d73;\">Jantar de ades\u00e3o<\/span><\/strong> : basta estar inscrito e pagar a taxa de ades\u00e3o at\u00e9 24 horas antes do evento. Valor do jantar por ades\u00e3o dia 02 de Outubro : <strong>R$ 250,00 por pessoa<\/strong><\/p>\t\t\t\t\t\t\t\t<\/div>\n\t\t\t\t<\/div>\n\t\t\t\t\t<\/div>\n\t\t\t\t<\/div>\n\t\t\t\t<\/div>\n\t\t","protected":false},"excerpt":{"rendered":"<p>FAQ As inscri\u00e7\u00f5es nos tr\u00eas eventos tem um valor \u00fanico. Existe uma taxa individual por artigo. Anais : Taxa de [&hellip;]<\/p>\n","protected":false},"author":3,"featured_media":0,"parent":0,"menu_order":0,"comment_status":"closed","ping_status":"closed","template":"","meta":{"site-sidebar-layout":"no-sidebar","site-content-layout":"","ast-site-content-layout":"full-width-container","site-content-style":"default","site-sidebar-style":"default","ast-global-header-display":"","ast-banner-title-visibility":"","ast-main-header-display":"","ast-hfb-above-header-display":"","ast-hfb-below-header-display":"","ast-hfb-mobile-header-display":"","site-post-title":"disabled","ast-breadcrumbs-content":"","ast-featured-img":"disabled","footer-sml-layout":"","ast-disable-related-posts":"","theme-transparent-header-meta":"","adv-header-id-meta":"","stick-header-meta":"","header-above-stick-meta":"","header-main-stick-meta":"","header-below-stick-meta":"","astra-migrate-meta-layouts":"default","ast-page-background-enabled":"default","ast-page-background-meta":{"desktop":{"background-color":"var(--ast-global-color-4)","background-image":"","background-repeat":"repeat","background-position":"center center","background-size":"auto","background-attachment":"scroll","background-type":"","background-media":"","overlay-type":"","overlay-color":"","overlay-opacity":"","overlay-gradient":""},"tablet":{"background-color":"","background-image":"","background-repeat":"repeat","background-position":"center center","background-size":"auto","background-attachment":"scroll","background-type":"","background-media":"","overlay-type":"","overlay-color":"","overlay-opacity":"","overlay-gradient":""},"mobile":{"background-color":"","background-image":"","background-repeat":"repeat","background-position":"center center","background-size":"auto","background-attachment":"scroll","background-type":"","background-media":"","overlay-type":"","overlay-color":"","overlay-opacity":"","overlay-gradient":""}},"ast-content-background-meta":{"desktop":{"background-color":"var(--ast-global-color-5)","background-image":"","background-repeat":"repeat","background-position":"center center","background-size":"auto","background-attachment":"scroll","background-type":"","background-media":"","overlay-type":"","overlay-color":"","overlay-opacity":"","overlay-gradient":""},"tablet":{"background-color":"var(--ast-global-color-5)","background-image":"","background-repeat":"repeat","background-position":"center center","background-size":"auto","background-attachment":"scroll","background-type":"","background-media":"","overlay-type":"","overlay-color":"","overlay-opacity":"","overlay-gradient":""},"mobile":{"background-color":"var(--ast-global-color-5)","background-image":"","background-repeat":"repeat","background-position":"center center","background-size":"auto","background-attachment":"scroll","background-type":"","background-media":"","overlay-type":"","overlay-color":"","overlay-opacity":"","overlay-gradient":""}},"footnotes":""},"class_list":["post-5182","page","type-page","status-publish","hentry"],"_links":{"self":[{"href":"https:\/\/svr.sbc.org.br\/2025\/index.php\/wp-json\/wp\/v2\/pages\/5182","targetHints":{"allow":["GET"]}}],"collection":[{"href":"https:\/\/svr.sbc.org.br\/2025\/index.php\/wp-json\/wp\/v2\/pages"}],"about":[{"href":"https:\/\/svr.sbc.org.br\/2025\/index.php\/wp-json\/wp\/v2\/types\/page"}],"author":[{"embeddable":true,"href":"https:\/\/svr.sbc.org.br\/2025\/index.php\/wp-json\/wp\/v2\/users\/3"}],"replies":[{"embeddable":true,"href":"https:\/\/svr.sbc.org.br\/2025\/index.php\/wp-json\/wp\/v2\/comments?post=5182"}],"version-history":[{"count":4,"href":"https:\/\/svr.sbc.org.br\/2025\/index.php\/wp-json\/wp\/v2\/pages\/5182\/revisions"}],"predecessor-version":[{"id":5186,"href":"https:\/\/svr.sbc.org.br\/2025\/index.php\/wp-json\/wp\/v2\/pages\/5182\/revisions\/5186"}],"wp:attachment":[{"href":"https:\/\/svr.sbc.org.br\/2025\/index.php\/wp-json\/wp\/v2\/media?parent=5182"}],"curies":[{"name":"wp","href":"https:\/\/api.w.org\/{rel}","templated":true}]}}