{"id":4913,"date":"2025-02-28T19:08:50","date_gmt":"2025-02-28T22:08:50","guid":{"rendered":"https:\/\/svr.sbc.org.br\/2025\/?page_id=4913"},"modified":"2025-09-11T07:42:42","modified_gmt":"2025-09-11T10:42:42","slug":"xr-for-learning-education-panel","status":"publish","type":"page","link":"https:\/\/svr.sbc.org.br\/2025\/index.php\/xr-for-learning-education-panel\/","title":{"rendered":"XR for Learning &#038; Education  Panel"},"content":{"rendered":"\t\t<div data-elementor-type=\"wp-page\" data-elementor-id=\"4913\" class=\"elementor elementor-4913\">\n\t\t\t\t<div class=\"elementor-element elementor-element-fb0fec6 e-con-full e-flex e-con e-parent\" data-id=\"fb0fec6\" data-element_type=\"container\" data-e-type=\"container\" data-settings=\"{&quot;background_background&quot;:&quot;classic&quot;}\">\n\t\t\t\t<div class=\"elementor-element elementor-element-be8561d elementor-widget elementor-widget-heading\" data-id=\"be8561d\" data-element_type=\"widget\" data-e-type=\"widget\" data-widget_type=\"heading.default\">\n\t\t\t\t<div class=\"elementor-widget-container\">\n\t\t\t\t\t<h2 class=\"elementor-heading-title elementor-size-default\">pre-symposium<\/h2>\t\t\t\t<\/div>\n\t\t\t\t<\/div>\n\t\t<div class=\"elementor-element elementor-element-a082c14 e-flex e-con-boxed e-con e-child\" data-id=\"a082c14\" data-element_type=\"container\" data-e-type=\"container\">\n\t\t\t\t\t<div class=\"e-con-inner\">\n\t\t\t\t<div class=\"elementor-element elementor-element-5a5cfff elementor-align-center elementor-widget__width-inherit elementor-widget elementor-widget-button\" data-id=\"5a5cfff\" data-element_type=\"widget\" data-e-type=\"widget\" data-widget_type=\"button.default\">\n\t\t\t\t<div class=\"elementor-widget-container\">\n\t\t\t\t\t\t\t\t\t<div class=\"elementor-button-wrapper\">\n\t\t\t\t\t<a class=\"elementor-button elementor-size-sm\" role=\"button\">\n\t\t\t\t\t\t<span class=\"elementor-button-content-wrapper\">\n\t\t\t\t\t\t\t\t\t<span class=\"elementor-button-text\">XR for Learning &amp; Education  Panel<\/span>\n\t\t\t\t\t<\/span>\n\t\t\t\t\t<\/a>\n\t\t\t\t<\/div>\n\t\t\t\t\t\t\t\t<\/div>\n\t\t\t\t<\/div>\n\t\t\t\t<div class=\"elementor-element elementor-element-23c1a5b elementor-align-center elementor-widget__width-inherit elementor-widget elementor-widget-button\" data-id=\"23c1a5b\" data-element_type=\"widget\" data-e-type=\"widget\" data-widget_type=\"button.default\">\n\t\t\t\t<div class=\"elementor-widget-container\">\n\t\t\t\t\t\t\t\t\t<div class=\"elementor-button-wrapper\">\n\t\t\t\t\t<a class=\"elementor-button elementor-button-link elementor-size-sm\" href=\"https:\/\/svr.sbc.org.br\/2025\/index.php\/laboratory-presentations\">\n\t\t\t\t\t\t<span class=\"elementor-button-content-wrapper\">\n\t\t\t\t\t\t\t\t\t<span class=\"elementor-button-text\">Laboratory Presentations<\/span>\n\t\t\t\t\t<\/span>\n\t\t\t\t\t<\/a>\n\t\t\t\t<\/div>\n\t\t\t\t\t\t\t\t<\/div>\n\t\t\t\t<\/div>\n\t\t\t\t\t<\/div>\n\t\t\t\t<\/div>\n\t\t<div class=\"elementor-element elementor-element-86c602f e-flex e-con-boxed e-con e-child\" data-id=\"86c602f\" data-element_type=\"container\" data-e-type=\"container\">\n\t\t\t\t\t<div class=\"e-con-inner\">\n\t\t\t\t<div class=\"elementor-element elementor-element-be0641c elementor-widget elementor-widget-heading\" data-id=\"be0641c\" data-element_type=\"widget\" data-e-type=\"widget\" data-widget_type=\"heading.default\">\n\t\t\t\t<div class=\"elementor-widget-container\">\n\t\t\t\t\t<h2 class=\"elementor-heading-title elementor-size-default\">XR for Learning &amp; Education  Panel - Call for proposals<\/h2>\t\t\t\t<\/div>\n\t\t\t\t<\/div>\n\t\t\t\t\t<\/div>\n\t\t\t\t<\/div>\n\t\t<div class=\"elementor-element elementor-element-026c15a e-flex e-con-boxed e-con e-child\" data-id=\"026c15a\" data-element_type=\"container\" data-e-type=\"container\">\n\t\t\t\t\t<div class=\"e-con-inner\">\n\t\t\t\t<div class=\"elementor-element elementor-element-bb621da elementor-widget elementor-widget-heading\" data-id=\"bb621da\" data-element_type=\"widget\" data-e-type=\"widget\" data-widget_type=\"heading.default\">\n\t\t\t\t<div class=\"elementor-widget-container\">\n\t\t\t\t\t<h2 class=\"elementor-heading-title elementor-size-default\">Dates<\/h2>\t\t\t\t<\/div>\n\t\t\t\t<\/div>\n\t\t\t\t<div class=\"elementor-element elementor-element-72f3fd9 elementor-widget elementor-widget-text-editor\" data-id=\"72f3fd9\" data-element_type=\"widget\" data-e-type=\"widget\" data-widget_type=\"text-editor.default\">\n\t\t\t\t<div class=\"elementor-widget-container\">\n\t\t\t\t\t\t\t\t\t<p><s><b>June 30, 2025:<\/b> Submission deadline<br \/><\/s><span style=\"font-style: inherit; font-weight: bold;\">July 15, 2025:<\/span><span style=\"font-style: inherit;\"><span style=\"font-weight: inherit;\">\u00a0Submission deadline<\/span><br \/><\/span><b style=\"font-style: inherit;\">July 25, 2025:<\/b><span style=\"font-style: inherit;\"> Final notification<br \/><\/span><b style=\"font-style: inherit;\">August 8, 2025:<\/b><span style=\"font-style: inherit;\"> Camera-ready<\/span><\/p><p><b>Warning:<\/b><span style=\"font-weight: 400;\"> All deadlines expire at 23:59 PDT. Incomplete or late submissions will not be considered.<\/span><\/p>\t\t\t\t\t\t\t\t<\/div>\n\t\t\t\t<\/div>\n\t\t\t\t<div class=\"elementor-element elementor-element-07976b9 elementor-widget elementor-widget-text-editor\" data-id=\"07976b9\" data-element_type=\"widget\" data-e-type=\"widget\" data-widget_type=\"text-editor.default\">\n\t\t\t\t<div class=\"elementor-widget-container\">\n\t\t\t\t\t\t\t\t\t<p>We are pleased to announce that this year the Pre-Symposium of SVR will include a panel on \u201cPotentials and Pathways for Learning &amp; Education in XR\u201d. This panel aims to promote reflections on the use and potential of XR in educational processes and its application at different levels of education. The panel also intends to foster and facilitate collaboration between researchers with similar and\/or complementary interests, as well as to stimulate multidisciplinary, creative, and ambitious projects.<\/p>\n<p>The duration of the panel should be 60 minutes. Panelists are expected to attend SVR in person. In exceptional cases, it is possible to have at most one online panelist during the panel.<\/p>\n<p><b>Submission Process<\/b><\/p>\n<p>The submission must contain a 6-page paper (A4 page size) in English \u2013 and follow the IEEE format for papers (<a href=\"https:\/\/www.ieee.org\/conferences\/publishing\/templates.html\">https:\/\/www.ieee.org\/conferences\/publishing\/templates.html<\/a>). All proposals will be reviewed by at least two experts on the topic. Submission should not be blind: the authors must be identified, including their webpage address in the last affiliation line.&nbsp;<\/p>\n<p>Authors should submit their contributions directly at <a href=\"https:\/\/jems3.sbc.org.br\/svr2025-pre-symposium\">https:\/\/jems3.sbc.org.br\/svr2025-pre-symposium<\/a><\/p>\n<p>The 6-page manuscript should contain a survey on XR learning, including, but not limited to:<\/p>\n<ul>\n<li>An introduction;<\/li>\n<li>A structured presentation of XR learning; and<\/li>\n<li>Conclusions indicating trends, applications, and directions for future work;<\/li>\n<li>References.<\/li>\n<\/ul>\n<p>As supplementary material to the 6-page paper, authors must include a PDF file with panel format and motivation\/importance\/goals of the panel, along with a short biography of the moderator and the panelists in English, including relevant experience in the topic of the panel.<\/p>\n<p>This panel will be a great opportunity for participants to interact, discuss and present their projects and accounts about XR learning to the SVR community.<\/p>\n<p>The accepted proposal will also be invited to submit an extended version as a survey paper on XR learning to a special issue of the Journal of the Brazilian Computer Society (JBCS) after the conference.<\/p>\t\t\t\t\t\t\t\t<\/div>\n\t\t\t\t<\/div>\n\t\t\t\t\t<\/div>\n\t\t\t\t<\/div>\n\t\t<div class=\"elementor-element elementor-element-4824a84 e-flex e-con-boxed e-con e-child\" data-id=\"4824a84\" data-element_type=\"container\" data-e-type=\"container\">\n\t\t\t\t\t<div class=\"e-con-inner\">\n\t\t\t\t<div class=\"elementor-element elementor-element-9594d3d elementor-widget elementor-widget-heading\" data-id=\"9594d3d\" data-element_type=\"widget\" data-e-type=\"widget\" data-widget_type=\"heading.default\">\n\t\t\t\t<div class=\"elementor-widget-container\">\n\t\t\t\t\t<h2 class=\"elementor-heading-title elementor-size-default\">PRE-SYMPOSIUM CHAIRS<\/h2>\t\t\t\t<\/div>\n\t\t\t\t<\/div>\n\t\t\t\t<div class=\"elementor-element elementor-element-b7e99ad elementor-widget elementor-widget-text-editor\" data-id=\"b7e99ad\" data-element_type=\"widget\" data-e-type=\"widget\" data-widget_type=\"text-editor.default\">\n\t\t\t\t<div class=\"elementor-widget-container\">\n\t\t\t\t\t\t\t\t\t<p><b>Esteban Clua<\/b><br>Universidade Federal Fluminense, Brazil<br>esteban@ic.uff.br<\/p>\n<p><b>Manoela Oliveira da Silva<\/b><br>Universidade de Pernambuco, Brazil<br>manoela.milena@upe.br<\/p>\n<p><b>Thiago Porcino<\/b><br>Laborat\u00f3rio Nacional de Computa\u00e7\u00e3o Cient\u00edfica, Brazil<br>thiago@lncc.br<\/p>\t\t\t\t\t\t\t\t<\/div>\n\t\t\t\t<\/div>\n\t\t\t\t\t<\/div>\n\t\t\t\t<\/div>\n\t\t\t\t<\/div>\n\t\t\t\t<\/div>\n\t\t","protected":false},"excerpt":{"rendered":"<p>pre-symposium XR for Learning &amp; Education Panel Laboratory Presentations XR for Learning &amp; Education Panel &#8211; Call for proposals Dates [&hellip;]<\/p>\n","protected":false},"author":7,"featured_media":0,"parent":0,"menu_order":0,"comment_status":"closed","ping_status":"closed","template":"","meta":{"site-sidebar-layout":"no-sidebar","site-content-layout":"","ast-site-content-layout":"full-width-container","site-content-style":"default","site-sidebar-style":"default","ast-global-header-display":"","ast-banner-title-visibility":"","ast-main-header-display":"","ast-hfb-above-header-display":"","ast-hfb-below-header-display":"","ast-hfb-mobile-header-display":"","site-post-title":"disabled","ast-breadcrumbs-content":"","ast-featured-img":"disabled","footer-sml-layout":"","ast-disable-related-posts":"","theme-transparent-header-meta":"","adv-header-id-meta":"","stick-header-meta":"","header-above-stick-meta":"","header-main-stick-meta":"","header-below-stick-meta":"","astra-migrate-meta-layouts":"default","ast-page-background-enabled":"default","ast-page-background-meta":{"desktop":{"background-color":"var(--ast-global-color-4)","background-image":"","background-repeat":"repeat","background-position":"center center","background-size":"auto","background-attachment":"scroll","background-type":"","background-media":"","overlay-type":"","overlay-color":"","overlay-opacity":"","overlay-gradient":""},"tablet":{"background-color":"","background-image":"","background-repeat":"repeat","background-position":"center center","background-size":"auto","background-attachment":"scroll","background-type":"","background-media":"","overlay-type":"","overlay-color":"","overlay-opacity":"","overlay-gradient":""},"mobile":{"background-color":"","background-image":"","background-repeat":"repeat","background-position":"center center","background-size":"auto","background-attachment":"scroll","background-type":"","background-media":"","overlay-type":"","overlay-color":"","overlay-opacity":"","overlay-gradient":""}},"ast-content-background-meta":{"desktop":{"background-color":"var(--ast-global-color-5)","background-image":"","background-repeat":"repeat","background-position":"center center","background-size":"auto","background-attachment":"scroll","background-type":"","background-media":"","overlay-type":"","overlay-color":"","overlay-opacity":"","overlay-gradient":""},"tablet":{"background-color":"var(--ast-global-color-5)","background-image":"","background-repeat":"repeat","background-position":"center center","background-size":"auto","background-attachment":"scroll","background-type":"","background-media":"","overlay-type":"","overlay-color":"","overlay-opacity":"","overlay-gradient":""},"mobile":{"background-color":"var(--ast-global-color-5)","background-image":"","background-repeat":"repeat","background-position":"center center","background-size":"auto","background-attachment":"scroll","background-type":"","background-media":"","overlay-type":"","overlay-color":"","overlay-opacity":"","overlay-gradient":""}},"footnotes":""},"class_list":["post-4913","page","type-page","status-publish","hentry"],"_links":{"self":[{"href":"https:\/\/svr.sbc.org.br\/2025\/index.php\/wp-json\/wp\/v2\/pages\/4913","targetHints":{"allow":["GET"]}}],"collection":[{"href":"https:\/\/svr.sbc.org.br\/2025\/index.php\/wp-json\/wp\/v2\/pages"}],"about":[{"href":"https:\/\/svr.sbc.org.br\/2025\/index.php\/wp-json\/wp\/v2\/types\/page"}],"author":[{"embeddable":true,"href":"https:\/\/svr.sbc.org.br\/2025\/index.php\/wp-json\/wp\/v2\/users\/7"}],"replies":[{"embeddable":true,"href":"https:\/\/svr.sbc.org.br\/2025\/index.php\/wp-json\/wp\/v2\/comments?post=4913"}],"version-history":[{"count":24,"href":"https:\/\/svr.sbc.org.br\/2025\/index.php\/wp-json\/wp\/v2\/pages\/4913\/revisions"}],"predecessor-version":[{"id":5407,"href":"https:\/\/svr.sbc.org.br\/2025\/index.php\/wp-json\/wp\/v2\/pages\/4913\/revisions\/5407"}],"wp:attachment":[{"href":"https:\/\/svr.sbc.org.br\/2025\/index.php\/wp-json\/wp\/v2\/media?parent=4913"}],"curies":[{"name":"wp","href":"https:\/\/api.w.org\/{rel}","templated":true}]}}